{"id":1389,"date":"2018-03-24T12:54:55","date_gmt":"2018-03-24T11:54:55","guid":{"rendered":"https:\/\/www.7-continents.com\/?page_id=1389"},"modified":"2019-05-26T22:42:36","modified_gmt":"2019-05-26T20:42:36","slug":"idee","status":"publish","type":"page","link":"https:\/\/www.7-continents.com\/de\/idee\/","title":{"rendered":"Idee"},"content":{"rendered":"<p><div class=\"fusion-fullwidth fullwidth-box fusion-builder-row-1 nonhundred-percent-fullwidth non-hundred-percent-height-scrolling\" style=\"background-color: rgba(50,20,158,0);background-position: left top;background-repeat: no-repeat;padding-top:0px;padding-right:20%;padding-bottom:70px;padding-left:20%;margin-bottom: 0px;margin-top: 0px;border-width: 0px 0px 0px 0px;border-color:#b3dbcd;border-style:solid;\" ><div class=\"fusion-builder-row fusion-row\"><div class=\"fusion-layout-column fusion_builder_column fusion-builder-column-0 fusion_builder_column_1_1 1_1 fusion-one-full fusion-column-first fusion-column-last fusion-column-no-min-height\" style=\"margin-top:0px;margin-bottom:0px;\"><div class=\"fusion-column-wrapper fusion-flex-column-wrapper-legacy\" style=\"background-position:left top;background-repeat:no-repeat;-webkit-background-size:cover;-moz-background-size:cover;-o-background-size:cover;background-size:cover;padding: 0px 0px 0px 0px;\"><div class=\"fusion-text fusion-text-1\"><h2 style=\"text-align: center;\">Idee<\/h2>\n<h3 style=\"text-align: center;\">Was Jugendliche erleben, tr\u00e4umen und erwarten<\/h3>\n<\/div><div class=\"fusion-builder-row fusion-builder-row-inner fusion-row\"><div class=\"fusion-layout-column fusion_builder_column_inner fusion-builder-nested-column-0 fusion_builder_column_inner_1_2 1_2 fusion-one-half fusion-column-first\" style=\"width:50%;width:calc(50% - ( ( 4% ) * 0.5 ) );margin-right: 4%;margin-top:0px;margin-bottom:0px;\"><div class=\"fusion-column-wrapper fusion-flex-column-wrapper-legacy\" style=\"background-position:left top;background-repeat:no-repeat;-webkit-background-size:cover;-moz-background-size:cover;-o-background-size:cover;background-size:cover;padding: 0px 0px 0px 0px;\"><div class=\"fusion-text fusion-text-2\"><p>Wie denken Jugendliche \u00fcber die Welt? Was sind ihre Tr\u00e4ume und Zukunftspl\u00e4ne? Was macht sie gl\u00fccklich? Was macht ihnen Angst? Was verbindet die Jugendlichen dieser Welt?<\/p>\n<p>Um dies in Erfahrung zu bringen und um die Meinung der Jugendlichen zu verschiedenen Themen zu h\u00f6ren, begibt sich Norman B\u00fccher auf eine besondere Reise. Auf jedem der sieben Kontinente l\u00e4uft er als Jugendbotschafter eine ausgesuchte Strecke. Der weltumspannende Lauf umfasst dabei knapp 20.000 Kilometer, f\u00fchrt durch 70 L\u00e4nder mit Vortr\u00e4gen und Workshops in 700 Jugendeinrichtungen und Tausenden von Gespr\u00e4chen mit Jugendlichen.<\/p>\n<\/div><div class=\"fusion-clearfix\"><\/div><\/div><\/div><div class=\"fusion-layout-column fusion_builder_column_inner fusion-builder-nested-column-1 fusion_builder_column_inner_1_2 1_2 fusion-one-half fusion-column-last\" style=\"width:50%;width:calc(50% - ( ( 4% ) * 0.5 ) );margin-top:0px;margin-bottom:0px;\"><div class=\"fusion-column-wrapper fusion-flex-column-wrapper-legacy\" style=\"background-position:left top;background-repeat:no-repeat;-webkit-background-size:cover;-moz-background-size:cover;-o-background-size:cover;background-size:cover;padding: 0px 0px 0px 0px;\"><div class=\"fusion-text fusion-text-3\"><p>Entlang der Strecke macht er immer wieder Halt, spricht mit den Jugendlichen, besucht Schulen und Universit\u00e4ten, Vereine und andere Jugendinstitutionen. Als Jugendbotschafter tr\u00e4gt er die Erkenntnisse, Meinungen und Sichtweisen der Jugendlichen von Dorf zu Dorf. Von Stadt zu Stadt. Von Land zu Land. Von Kontinent zu Kontinent. Um die Welt.<\/p>\n<p>Durch seinen Lauf gibt er den Jugendlichen auf allen sieben Kontinenten die M\u00f6glichkeit, geh\u00f6rt zu werden. Die Stimmen der Jugendlichen werden in mehreren Formaten zusammengetragen, geteilt und weitergegeben. Der Lauf ist das Medium und gleichzeitig verbindende Element.<\/p>\n<\/div><div class=\"fusion-clearfix\"><\/div><\/div><\/div><\/div><div class=\"fusion-clearfix\"><\/div><\/div><\/div><\/div><\/div><div class=\"fusion-fullwidth fullwidth-box fusion-builder-row-2 hundred-percent-fullwidth non-hundred-percent-height-scrolling fusion-equal-height-columns\" style=\"background-color: rgba(255,255,255,0);background-position: left top;background-repeat: no-repeat;padding-top:0px;padding-right:0px;padding-bottom:0px;padding-left:0px;margin-bottom: 0px;margin-top: 0px;border-width: 0px 0px 0px 0px;border-color:#eae9e9;border-style:solid;\" ><div class=\"fusion-builder-row fusion-row\"><div class=\"fusion-layout-column fusion_builder_column fusion-builder-column-1 fusion_builder_column_1_2 1_2 fusion-one-half fusion-column-first\" style=\"margin-top:0px;margin-bottom:0px;\"><div class=\"fusion-column-wrapper lazyload fusion-flex-column-wrapper-legacy fusion-empty-column-bg-image\" style=\"background-position:center center;background-repeat:no-repeat;-webkit-background-size:cover;-moz-background-size:cover;-o-background-size:cover;background-size:cover;padding: 100px 100px 100px 100px;\" data-bg-url=\"https:\/\/www.7-continents.com\/wp-content\/uploads\/2018\/05\/7C-norman-jugendliche_800x800-1.jpg\" data-bg=\"https:\/\/www.7-continents.com\/wp-content\/uploads\/2018\/05\/7C-norman-jugendliche_800x800-1.jpg\"><div class=\"fusion-column-content-centered\"><div class=\"fusion-column-content\"><img class=\"fusion-empty-dims-img-placeholder fusion-no-large-visibility\" src=\"data:image\/svg+xml,%3Csvg%20xmlns%3D%27http%3A%2F%2Fwww.w3.org%2F2000%2Fsvg%27%20width%3D%27800%27%20height%3D%27800%27%20viewBox%3D%270%200%20800%20800%27%3E%3Crect%20width%3D%27800%27%20height%3D%27800%27%20fill-opacity%3D%220%22%2F%3E%3C%2Fsvg%3E\"><\/div><\/div><div class=\"fusion-clearfix\"><\/div><\/div><\/div><div class=\"fusion-layout-column fusion_builder_column fusion-builder-column-2 fusion_builder_column_1_2 1_2 fusion-one-half fusion-column-last\" style=\"margin-top:0px;margin-bottom:0px;\"><div class=\"fusion-column-wrapper fusion-flex-column-wrapper-legacy\" style=\"background-position:left top;background-repeat:no-repeat;-webkit-background-size:cover;-moz-background-size:cover;-o-background-size:cover;background-size:cover;background-color:#ececec;padding: 15% 15% 15% 15%;\"><div class=\"fusion-column-content-centered\"><div class=\"fusion-column-content\"><div class=\"fusion-text fusion-text-4\"><h2 style=\"text-align: left;\">Ziele<\/h2>\n<h3 style=\"text-align: left;\">Jugendlichen zuh\u00f6ren und deren Ansichten in die Welt tragen<\/h3>\n<ul>\n<li>Den Jugendlichen zuh\u00f6ren und deren Ansichten kennenlernen<\/li>\n<li>Ungefilterte, individuelle Einblicke in die Gedanken und Sichtweisen der Jugendlichen bekommen<\/li>\n<li>Jugendlichen eine \u00f6ffentliche Stimme geben und ihr Sprachrohr sein<\/li>\n<li>Beleuchten, welchen Einfluss die unterschiedlichen Kulturen auf die W\u00fcnsche und Ansichten der Jugendlichen haben<\/li>\n<li>Erwartungshaltung an die Erwachsenen herausfinden<\/li>\n<li>Zukunftsvisionen entstehen lassen<\/li>\n<\/ul>\n<\/div><\/div><\/div><div class=\"fusion-clearfix\"><\/div><\/div><\/div><\/div><\/div><div class=\"fusion-fullwidth fullwidth-box fusion-builder-row-3 hundred-percent-fullwidth non-hundred-percent-height-scrolling fusion-equal-height-columns\" style=\"background-color: rgba(255,255,255,0);background-position: left top;background-repeat: no-repeat;padding-top:0px;padding-right:0px;padding-bottom:0px;padding-left:0px;margin-top: 0px;border-width: 0px 0px 0px 0px;border-color:#eae9e9;border-style:solid;\" ><div class=\"fusion-builder-row fusion-row\"><div class=\"fusion-layout-column fusion_builder_column fusion-builder-column-3 fusion_builder_column_1_2 1_2 fusion-one-half fusion-column-first\" style=\"margin-top:0px;margin-bottom:0px;\"><div class=\"fusion-column-wrapper fusion-flex-column-wrapper-legacy\" style=\"background-position:left top;background-repeat:no-repeat;-webkit-background-size:cover;-moz-background-size:cover;-o-background-size:cover;background-size:cover;background-color:#ececec;padding: 15% 15% 15% 15%;\"><div class=\"fusion-column-content-centered\"><div class=\"fusion-column-content\"><div class=\"fusion-text fusion-text-5\"><h2 style=\"text-align: left;\">Symbol<\/h2>\n<h3 style=\"text-align: left;\">Jugendlichen eine Stimme geben<\/h3>\n<p>Das Mikrofon dient als Symbol daf\u00fcr, der Stimme der Jugendlichen Gewicht zu verleihen und sie in die Welt hinauszutragen. Mit dem Mikrofon werden die Stimmen der Jugendlichen gesammelt, geteilt und weitergegeben. Es geht darum, die Worte der jungen Menschen zu verst\u00e4rken und ihnen mehr Bedeutung beizumessen.<\/p>\n<p>Angelehnt an den Olympischen Fackellauf l\u00e4uft Norman mit dem Mikrofon durch die Kontinente und tr\u00e4gt auf diese Weise die Stimmen der Jugendlichen zusammen und in die Welt hinaus.<\/p>\n<\/div><\/div><\/div><div class=\"fusion-clearfix\"><\/div><\/div><\/div><div class=\"fusion-layout-column fusion_builder_column fusion-builder-column-4 fusion_builder_column_1_2 1_2 fusion-one-half fusion-column-last\" style=\"margin-top:0px;margin-bottom:0px;\"><div class=\"fusion-column-wrapper lazyload fusion-flex-column-wrapper-legacy fusion-empty-column-bg-image\" style=\"background-position:center center;background-repeat:no-repeat;-webkit-background-size:cover;-moz-background-size:cover;-o-background-size:cover;background-size:cover;padding: 100px 100px 100px 100px;\" data-bg-url=\"https:\/\/www.7-continents.com\/wp-content\/uploads\/2018\/05\/7C-mikrofon-hochkant_800x800.jpg\" data-bg=\"https:\/\/www.7-continents.com\/wp-content\/uploads\/2018\/05\/7C-mikrofon-hochkant_800x800.jpg\"><div class=\"fusion-column-content-centered\"><div class=\"fusion-column-content\"><img class=\"fusion-empty-dims-img-placeholder fusion-no-large-visibility\" src=\"data:image\/svg+xml,%3Csvg%20xmlns%3D%27http%3A%2F%2Fwww.w3.org%2F2000%2Fsvg%27%20width%3D%27800%27%20height%3D%27800%27%20viewBox%3D%270%200%20800%20800%27%3E%3Crect%20width%3D%27800%27%20height%3D%27800%27%20fill-opacity%3D%220%22%2F%3E%3C%2Fsvg%3E\"><\/div><\/div><div class=\"fusion-clearfix\"><\/div><\/div><\/div><\/div><\/div><div class=\"fusion-fullwidth fullwidth-box fusion-builder-row-4 nonhundred-percent-fullwidth non-hundred-percent-height-scrolling\" style=\"background-color: #b3dbcd;background-position: center center;background-repeat: no-repeat;padding-top:0px;padding-right:0px;padding-bottom:50px;padding-left:0px;margin-bottom: 0px;margin-top: 0px;border-width: 0px 0px 0px 0px;border-color:#eae9e9;border-style:solid;\" ><div class=\"fusion-builder-row fusion-row\"><div class=\"fusion-layout-column fusion_builder_column fusion-builder-column-5 fusion_builder_column_1_1 1_1 fusion-one-full fusion-column-first fusion-column-last\" style=\"margin-top:0px;margin-bottom:0px;\"><div class=\"fusion-column-wrapper fusion-flex-column-wrapper-legacy\" style=\"background-position:left top;background-repeat:no-repeat;-webkit-background-size:cover;-moz-background-size:cover;-o-background-size:cover;background-size:cover;padding: 0px 0px 0px 0px;\"><div class=\"fusion-text fusion-text-6\"><\/div><div class=\"fusion-clearfix\"><\/div><\/div><\/div><\/div><\/div><\/p>\n","protected":false},"excerpt":{"rendered":"","protected":false},"author":2,"featured_media":0,"parent":0,"menu_order":0,"comment_status":"closed","ping_status":"closed","template":"100-width.php","meta":{"ngg_post_thumbnail":0},"yoast_head":"<!-- This site is optimized with the Yoast SEO plugin v17.9 - https:\/\/yoast.com\/wordpress\/plugins\/seo\/ -->\n<title>Idee &bull; 7 CONTINENTS<\/title>\n<meta name=\"robots\" content=\"index, follow, max-snippet:-1, max-image-preview:large, max-video-preview:-1\" \/>\n<link rel=\"canonical\" href=\"https:\/\/www.7-continents.com\/de\/idee\/\" \/>\n<meta property=\"og:locale\" content=\"de_DE\" \/>\n<meta property=\"og:type\" content=\"article\" \/>\n<meta property=\"og:title\" content=\"Idee &bull; 7 CONTINENTS\" \/>\n<meta property=\"og:url\" content=\"https:\/\/www.7-continents.com\/de\/idee\/\" \/>\n<meta property=\"og:site_name\" content=\"7 CONTINENTS\" \/>\n<meta property=\"article:publisher\" content=\"https:\/\/www.facebook.com\/7Continents.dialog\/\" \/>\n<meta property=\"article:modified_time\" content=\"2019-05-26T20:42:36+00:00\" \/>\n<meta name=\"twitter:card\" content=\"summary_large_image\" \/>\n<meta name=\"twitter:site\" content=\"@7continents_\" \/>\n<meta name=\"twitter:label1\" content=\"Gesch\u00e4tzte Lesezeit\" \/>\n\t<meta name=\"twitter:data1\" content=\"7\u00a0Minuten\" \/>\n<script type=\"application\/ld+json\" class=\"yoast-schema-graph\">{\"@context\":\"https:\/\/schema.org\",\"@graph\":[{\"@type\":\"Organization\",\"@id\":\"https:\/\/www.7-continents.com\/#organization\",\"name\":\"7 CONTINENTS\",\"url\":\"https:\/\/www.7-continents.com\/\",\"sameAs\":[\"https:\/\/www.facebook.com\/7Continents.dialog\/\",\"https:\/\/www.instagram.com\/7.continents_\/\",\"https:\/\/www.youtube.com\/channel\/UCp2hJpdtq40fvvFkyWZw7oA\",\"https:\/\/twitter.com\/7continents_\"],\"logo\":{\"@type\":\"ImageObject\",\"@id\":\"https:\/\/www.7-continents.com\/#logo\",\"inLanguage\":\"de\",\"url\":\"https:\/\/www.7-continents.com\/wp-content\/uploads\/2019\/06\/7C-Logo.png\",\"contentUrl\":\"https:\/\/www.7-continents.com\/wp-content\/uploads\/2019\/06\/7C-Logo.png\",\"width\":353,\"height\":338,\"caption\":\"7 CONTINENTS\"},\"image\":{\"@id\":\"https:\/\/www.7-continents.com\/#logo\"}},{\"@type\":\"WebSite\",\"@id\":\"https:\/\/www.7-continents.com\/#website\",\"url\":\"https:\/\/www.7-continents.com\/\",\"name\":\"7 CONTINENTS\",\"description\":\"run for voices\",\"publisher\":{\"@id\":\"https:\/\/www.7-continents.com\/#organization\"},\"potentialAction\":[{\"@type\":\"SearchAction\",\"target\":{\"@type\":\"EntryPoint\",\"urlTemplate\":\"https:\/\/www.7-continents.com\/?s={search_term_string}\"},\"query-input\":\"required name=search_term_string\"}],\"inLanguage\":\"de\"},{\"@type\":\"WebPage\",\"@id\":\"https:\/\/www.7-continents.com\/de\/idee\/#webpage\",\"url\":\"https:\/\/www.7-continents.com\/de\/idee\/\",\"name\":\"Idee &bull; 7 CONTINENTS\",\"isPartOf\":{\"@id\":\"https:\/\/www.7-continents.com\/#website\"},\"datePublished\":\"2018-03-24T11:54:55+00:00\",\"dateModified\":\"2019-05-26T20:42:36+00:00\",\"breadcrumb\":{\"@id\":\"https:\/\/www.7-continents.com\/de\/idee\/#breadcrumb\"},\"inLanguage\":\"de\",\"potentialAction\":[{\"@type\":\"ReadAction\",\"target\":[\"https:\/\/www.7-continents.com\/de\/idee\/\"]}]},{\"@type\":\"BreadcrumbList\",\"@id\":\"https:\/\/www.7-continents.com\/de\/idee\/#breadcrumb\",\"itemListElement\":[{\"@type\":\"ListItem\",\"position\":1,\"name\":\"Startseite\",\"item\":\"https:\/\/www.7-continents.com\/de\/\"},{\"@type\":\"ListItem\",\"position\":2,\"name\":\"Idee\"}]}]}<\/script>\n<!-- \/ Yoast SEO plugin. -->","yoast_head_json":{"title":"Idee &bull; 7 CONTINENTS","robots":{"index":"index","follow":"follow","max-snippet":"max-snippet:-1","max-image-preview":"max-image-preview:large","max-video-preview":"max-video-preview:-1"},"canonical":"https:\/\/www.7-continents.com\/de\/idee\/","og_locale":"de_DE","og_type":"article","og_title":"Idee &bull; 7 CONTINENTS","og_url":"https:\/\/www.7-continents.com\/de\/idee\/","og_site_name":"7 CONTINENTS","article_publisher":"https:\/\/www.facebook.com\/7Continents.dialog\/","article_modified_time":"2019-05-26T20:42:36+00:00","twitter_card":"summary_large_image","twitter_site":"@7continents_","twitter_misc":{"Gesch\u00e4tzte Lesezeit":"7\u00a0Minuten"},"schema":{"@context":"https:\/\/schema.org","@graph":[{"@type":"Organization","@id":"https:\/\/www.7-continents.com\/#organization","name":"7 CONTINENTS","url":"https:\/\/www.7-continents.com\/","sameAs":["https:\/\/www.facebook.com\/7Continents.dialog\/","https:\/\/www.instagram.com\/7.continents_\/","https:\/\/www.youtube.com\/channel\/UCp2hJpdtq40fvvFkyWZw7oA","https:\/\/twitter.com\/7continents_"],"logo":{"@type":"ImageObject","@id":"https:\/\/www.7-continents.com\/#logo","inLanguage":"de","url":"https:\/\/www.7-continents.com\/wp-content\/uploads\/2019\/06\/7C-Logo.png","contentUrl":"https:\/\/www.7-continents.com\/wp-content\/uploads\/2019\/06\/7C-Logo.png","width":353,"height":338,"caption":"7 CONTINENTS"},"image":{"@id":"https:\/\/www.7-continents.com\/#logo"}},{"@type":"WebSite","@id":"https:\/\/www.7-continents.com\/#website","url":"https:\/\/www.7-continents.com\/","name":"7 CONTINENTS","description":"run for voices","publisher":{"@id":"https:\/\/www.7-continents.com\/#organization"},"potentialAction":[{"@type":"SearchAction","target":{"@type":"EntryPoint","urlTemplate":"https:\/\/www.7-continents.com\/?s={search_term_string}"},"query-input":"required name=search_term_string"}],"inLanguage":"de"},{"@type":"WebPage","@id":"https:\/\/www.7-continents.com\/de\/idee\/#webpage","url":"https:\/\/www.7-continents.com\/de\/idee\/","name":"Idee &bull; 7 CONTINENTS","isPartOf":{"@id":"https:\/\/www.7-continents.com\/#website"},"datePublished":"2018-03-24T11:54:55+00:00","dateModified":"2019-05-26T20:42:36+00:00","breadcrumb":{"@id":"https:\/\/www.7-continents.com\/de\/idee\/#breadcrumb"},"inLanguage":"de","potentialAction":[{"@type":"ReadAction","target":["https:\/\/www.7-continents.com\/de\/idee\/"]}]},{"@type":"BreadcrumbList","@id":"https:\/\/www.7-continents.com\/de\/idee\/#breadcrumb","itemListElement":[{"@type":"ListItem","position":1,"name":"Startseite","item":"https:\/\/www.7-continents.com\/de\/"},{"@type":"ListItem","position":2,"name":"Idee"}]}]}},"_links":{"self":[{"href":"https:\/\/www.7-continents.com\/de\/wp-json\/wp\/v2\/pages\/1389"}],"collection":[{"href":"https:\/\/www.7-continents.com\/de\/wp-json\/wp\/v2\/pages"}],"about":[{"href":"https:\/\/www.7-continents.com\/de\/wp-json\/wp\/v2\/types\/page"}],"author":[{"embeddable":true,"href":"https:\/\/www.7-continents.com\/de\/wp-json\/wp\/v2\/users\/2"}],"replies":[{"embeddable":true,"href":"https:\/\/www.7-continents.com\/de\/wp-json\/wp\/v2\/comments?post=1389"}],"version-history":[{"count":21,"href":"https:\/\/www.7-continents.com\/de\/wp-json\/wp\/v2\/pages\/1389\/revisions"}],"predecessor-version":[{"id":2988,"href":"https:\/\/www.7-continents.com\/de\/wp-json\/wp\/v2\/pages\/1389\/revisions\/2988"}],"wp:attachment":[{"href":"https:\/\/www.7-continents.com\/de\/wp-json\/wp\/v2\/media?parent=1389"}],"curies":[{"name":"wp","href":"https:\/\/api.w.org\/{rel}","templated":true}]}}