{"id":1396,"date":"2018-03-24T12:56:19","date_gmt":"2018-03-24T11:56:19","guid":{"rendered":"https:\/\/www.7-continents.com\/?page_id=1396"},"modified":"2019-06-06T20:38:21","modified_gmt":"2019-06-06T18:38:21","slug":"norman-buecher","status":"publish","type":"page","link":"https:\/\/www.7-continents.com\/de\/norman-buecher\/","title":{"rendered":"Norman B\u00fccher"},"content":{"rendered":"<p><div class=\"fusion-fullwidth fullwidth-box fusion-builder-row-1 nonhundred-percent-fullwidth non-hundred-percent-height-scrolling\" style=\"background-color: rgba(255,255,255,0);background-position: center center;background-repeat: no-repeat;padding-top:0px;padding-right:15%;padding-bottom:70px;padding-left:15%;margin-bottom: 0px;margin-top: 0px;border-width: 0px 0px 0px 0px;border-color:#eae9e9;border-style:solid;\" ><div class=\"fusion-builder-row fusion-row\"><div class=\"fusion-layout-column fusion_builder_column fusion-builder-column-0 fusion_builder_column_1_1 1_1 fusion-one-full fusion-column-first fusion-column-last\" style=\"margin-top:0px;margin-bottom:0px;\"><div class=\"fusion-column-wrapper fusion-flex-column-wrapper-legacy\" style=\"background-position:left top;background-repeat:no-repeat;-webkit-background-size:cover;-moz-background-size:cover;-o-background-size:cover;background-size:cover;padding: 0px 0px 0px 0px;\"><div class=\"fusion-text fusion-text-1\"><h2 style=\"text-align: center;\">Norman B\u00fccher<\/h2>\n<h3 style=\"text-align: center;\">Abenteurer, Extreml\u00e4ufer, Impulsgeber<\/h3>\n<p>Er ist Extreml\u00e4ufer und Vortragsredner aus Leidenschaft. Als Abenteurer stellt er sich extremen sportlichen Herausforderungen und f\u00fchrt eigene Expeditionen in der ganzen Welt durch. Beispielsweise hat er zu Fu\u00df die Atacama-W\u00fcste in Chile durchquert, ist 265 Kilometer nonstop durch das K\u00f6nigreich Bhutan gelaufen, hat das australische Outback passiert und ist komplett alleine 600 Kilometer durch die W\u00fcste Gobi gelaufen.<\/p>\n<p>Seit \u00fcber zehn Jahren besch\u00e4ftigt er sich als Redner und Coach mit den Themen Erfolg, Motivation und Pers\u00f6nlichkeit. Seine jahrelange Erfahrung aus dem Extremsport kombiniert mit meinem Wissen \u00fcber betriebswirtschaftliche Zusammenh\u00e4nge gibt er in Vortr\u00e4gen, Seminaren sowie in diversen B\u00fcchern weiter.<\/p>\n<p style=\"text-align: center;\">Weitere Informationen:<br \/>\n<a href=\"https:\/\/www.norman-buecher.de\">www.norman-buecher.de<\/a><\/p>\n<\/div><div class=\"fusion-clearfix\"><\/div><\/div><\/div><\/div><\/div><div class=\"fusion-fullwidth fullwidth-box fusion-builder-row-2 hundred-percent-fullwidth non-hundred-percent-height-scrolling\" style=\"background-color: rgba(255,255,255,0);background-position: center center;background-repeat: no-repeat;padding-top:0px;padding-right:0px;padding-bottom:0px;padding-left:0px;margin-bottom: 0px;margin-top: 0px;border-width: 0px 0px 0px 0px;border-color:#eae9e9;border-style:solid;\" ><div class=\"fusion-builder-row fusion-row\"><div class=\"fusion-layout-column fusion_builder_column fusion-builder-column-1 fusion_builder_column_1_1 1_1 fusion-one-full fusion-column-first fusion-column-last fusion-column-inner-bg-wrapper\" style=\"margin-top:0px;margin-bottom:0px;\"><div class=\"fusion-column-wrapper fusion-flex-column-wrapper-legacy fusion-empty-column-bg-image\" style=\"padding: 0px 0px 0px 0px;\" data-bg-url=\"https:\/\/www.7-continents.com\/wp-content\/uploads\/2018\/03\/bg-norman-parallax_2000x400.jpg\"><img class=\"fusion-empty-dims-img-placeholder\" src=\"data:image\/svg+xml,%3Csvg%20xmlns%3D%27http%3A%2F%2Fwww.w3.org%2F2000%2Fsvg%27%20width%3D%272000%27%20height%3D%27400%27%20viewBox%3D%270%200%202000%20400%27%3E%3Crect%20width%3D%272000%27%20height%3D%27400%27%20fill-opacity%3D%220%22%2F%3E%3C%2Fsvg%3E\"><div class=\"fusion-clearfix\"><\/div><\/div><span class=\"fusion-column-inner-bg hover-type-zoomin\"><span class=\"fusion-column-anchor\"><span class=\"fusion-column-inner-bg-image lazyload\" style=\"background-position:center center;background-repeat:no-repeat;-webkit-background-size:cover;-moz-background-size:cover;-o-background-size:cover;background-size:cover;\" data-bg=\"https:\/\/www.7-continents.com\/wp-content\/uploads\/2018\/03\/bg-norman-parallax_2000x400.jpg\"><\/span><\/span><\/span><\/div><\/div><\/div><div class=\"fusion-fullwidth fullwidth-box fusion-builder-row-3 nonhundred-percent-fullwidth non-hundred-percent-height-scrolling\" style=\"background-color: rgba(255,255,255,0);background-position: center center;background-repeat: no-repeat;padding-top:70px;padding-right:15%;padding-bottom:70px;padding-left:15%;margin-bottom: 0px;margin-top: 0px;border-width: 0px 0px 0px 0px;border-color:#eae9e9;border-style:solid;\" ><div class=\"fusion-builder-row fusion-row\"><div class=\"fusion-layout-column fusion_builder_column fusion-builder-column-2 fusion_builder_column_1_1 1_1 fusion-one-full fusion-column-first fusion-column-last\" style=\"margin-top:0px;margin-bottom:0px;\"><div class=\"fusion-column-wrapper fusion-flex-column-wrapper-legacy\" style=\"background-position:left top;background-repeat:no-repeat;-webkit-background-size:cover;-moz-background-size:cover;-o-background-size:cover;background-size:cover;padding: 0px 0px 0px 0px;\"><div class=\"fusion-text fusion-text-2\"><h2 style=\"text-align: center;\">Normans Motivation<\/h2>\n<h3 style=\"text-align: center;\">Abenteuer mit Sinn<\/h3>\n<p>Die Zukunft unserer Erde liegt in den H\u00e4nden von Kindern und Jugendlichen. Was und wie sie lernen, ihre Einstellungen, Werte und Grund\u00fcberzeugungen bestimmen, wie sie als Erwachsene leben und welche Entscheidungen sie treffen. Wie sie beispielsweise Natur verstehen und eine Beziehung zur ihr aufbauen, wie sie mit ihren Mitmenschen umgehen und interagieren oder wie sie grundlegend \u00fcber die Welt denken, hat tief greifende Auswirkungen f\u00fcr unsere Zukunft und unser kollektives Wohlergehen. Genau hier setzt 7 CONTINENTS an.<\/p>\n<p>Bei 7 CONTINENTS geht es nicht um h\u00f6her, schneller und weiter. Der sportliche Leistungsgedanke ist f\u00fcr Norman in den letzten Jahren zunehmend in den Hintergrund getreten. Das Laufen stellt ein Medium und Vehikel dar, um Jugendliche zu erreichen und etwas bei ihnen zu bewegen und zu bewirken.<\/p>\n<blockquote>\n<p>Ich bin \u00fcberzeugt, dass ich mit 7 CONTINENTS bei Tausenden Jugendlichen eine langfristige positive Bewusstseins\u00e4nderung bewirken und damit die Welt ein St\u00fcck besser machen kann.<br \/>\n&#8211; Norman B\u00fccher<\/p>\n<\/blockquote>\n<\/div><div class=\"fusion-clearfix\"><\/div><\/div><\/div><\/div><\/div><div class=\"fusion-fullwidth fullwidth-box fusion-builder-row-4 fusion-parallax-none nonhundred-percent-fullwidth non-hundred-percent-height-scrolling lazyload\" style=\"background-color: rgba(255,255,255,0);background-position: center top;background-repeat: no-repeat;padding-top:70px;padding-right:10%;padding-bottom:70px;padding-left:10%;margin-bottom: 0px;margin-top: 0px;border-width: 0px 0px 0px 0px;border-color:#eae9e9;border-style:solid;-webkit-background-size:cover;-moz-background-size:cover;-o-background-size:cover;background-size:cover;\" data-bg=\"https:\/\/www.7-continents.com\/wp-content\/uploads\/2018\/04\/7C-zitate-background_1280x500.jpg\" ><div class=\"fusion-builder-row fusion-row\"><div class=\"fusion-layout-column fusion_builder_column fusion-builder-column-3 fusion_builder_column_1_1 1_1 fusion-one-full fusion-column-first fusion-column-last fusion-column-no-min-height\" style=\"margin-top:0px;margin-bottom:0px;\"><div class=\"fusion-column-wrapper fusion-flex-column-wrapper-legacy\" style=\"background-position:left top;background-repeat:no-repeat;-webkit-background-size:cover;-moz-background-size:cover;-o-background-size:cover;background-size:cover;padding: 0px 0px 0px 0px;\"><div class=\"fusion-text fusion-text-3\"><p style=\"text-align: center;\"><span style=\"font-size: x-large; color: #ddd;\">Norman B\u00fccher begeistert auch Unternehmen und ihre Mitarbeiter in seinen mitrei\u00dfenden Vortr\u00e4gen. Zu Ihrem Firmenevent mit Norman B\u00fccher ber\u00e4t Sie kompetent und freundlich die <a href=\"https:\/\/www.5-sterne-redner.de\/referenten\/norman-buecher\/\" target=\"_blank\" rel=\"noopener noreferrer\">Referentenagentur 5 Sterne Redner.<\/a><\/span><\/p>\n<\/div><div class=\"fusion-clearfix\"><\/div><\/div><\/div><\/div><\/div><div class=\"fusion-fullwidth fullwidth-box fusion-builder-row-5 nonhundred-percent-fullwidth non-hundred-percent-height-scrolling\" style=\"background-color: #b3dbcd;background-position: center center;background-repeat: no-repeat;padding-top:0px;padding-right:0px;padding-bottom:50px;padding-left:0px;margin-bottom: 0px;margin-top: 0px;border-width: 0px 0px 0px 0px;border-color:#eae9e9;border-style:solid;\" ><div class=\"fusion-builder-row fusion-row\"><div class=\"fusion-layout-column fusion_builder_column fusion-builder-column-4 fusion_builder_column_1_1 1_1 fusion-one-full fusion-column-first fusion-column-last\" style=\"margin-top:0px;margin-bottom:0px;\"><div class=\"fusion-column-wrapper fusion-flex-column-wrapper-legacy\" style=\"background-position:left top;background-repeat:no-repeat;-webkit-background-size:cover;-moz-background-size:cover;-o-background-size:cover;background-size:cover;padding: 0px 0px 0px 0px;\"><div class=\"fusion-text fusion-text-4\"><\/div><div class=\"fusion-clearfix\"><\/div><\/div><\/div><\/div><\/div><\/p>\n","protected":false},"excerpt":{"rendered":"","protected":false},"author":2,"featured_media":0,"parent":0,"menu_order":0,"comment_status":"closed","ping_status":"closed","template":"100-width.php","meta":{"ngg_post_thumbnail":0},"yoast_head":"<!-- This site is optimized with the Yoast SEO plugin v17.9 - https:\/\/yoast.com\/wordpress\/plugins\/seo\/ -->\n<title>Norman B\u00fccher \u2022 Der kreative Kopf hinter 7 CONTINENTS<\/title>\n<meta name=\"description\" content=\"Norman B\u00fccher l\u00e4uft f\u00fcr 7 CONTINENTS um die Welt, um den Jugendlichen eine Stimme zu geben. 7 Kontinente, 70 L\u00e4nder, 700 Vortr\u00e4ge, 1 Ziel.\" \/>\n<meta name=\"robots\" content=\"index, follow, max-snippet:-1, max-image-preview:large, max-video-preview:-1\" \/>\n<link rel=\"canonical\" href=\"https:\/\/www.7-continents.com\/de\/norman-buecher\/\" \/>\n<meta property=\"og:locale\" content=\"de_DE\" \/>\n<meta property=\"og:type\" content=\"article\" \/>\n<meta property=\"og:title\" content=\"Norman B\u00fccher \u2022 Der kreative Kopf hinter 7 CONTINENTS\" \/>\n<meta property=\"og:description\" content=\"Norman B\u00fccher l\u00e4uft f\u00fcr 7 CONTINENTS um die Welt, um den Jugendlichen eine Stimme zu geben. 7 Kontinente, 70 L\u00e4nder, 700 Vortr\u00e4ge, 1 Ziel.\" \/>\n<meta property=\"og:url\" content=\"https:\/\/www.7-continents.com\/de\/norman-buecher\/\" \/>\n<meta property=\"og:site_name\" content=\"7 CONTINENTS\" \/>\n<meta property=\"article:publisher\" content=\"https:\/\/www.facebook.com\/7Continents.dialog\/\" \/>\n<meta property=\"article:modified_time\" content=\"2019-06-06T18:38:21+00:00\" \/>\n<meta name=\"twitter:card\" content=\"summary_large_image\" \/>\n<meta name=\"twitter:site\" content=\"@7continents_\" \/>\n<meta name=\"twitter:label1\" content=\"Gesch\u00e4tzte Lesezeit\" \/>\n\t<meta name=\"twitter:data1\" content=\"7\u00a0Minuten\" \/>\n<script type=\"application\/ld+json\" class=\"yoast-schema-graph\">{\"@context\":\"https:\/\/schema.org\",\"@graph\":[{\"@type\":\"Organization\",\"@id\":\"https:\/\/www.7-continents.com\/#organization\",\"name\":\"7 CONTINENTS\",\"url\":\"https:\/\/www.7-continents.com\/\",\"sameAs\":[\"https:\/\/www.facebook.com\/7Continents.dialog\/\",\"https:\/\/www.instagram.com\/7.continents_\/\",\"https:\/\/www.youtube.com\/channel\/UCp2hJpdtq40fvvFkyWZw7oA\",\"https:\/\/twitter.com\/7continents_\"],\"logo\":{\"@type\":\"ImageObject\",\"@id\":\"https:\/\/www.7-continents.com\/#logo\",\"inLanguage\":\"de\",\"url\":\"https:\/\/www.7-continents.com\/wp-content\/uploads\/2019\/06\/7C-Logo.png\",\"contentUrl\":\"https:\/\/www.7-continents.com\/wp-content\/uploads\/2019\/06\/7C-Logo.png\",\"width\":353,\"height\":338,\"caption\":\"7 CONTINENTS\"},\"image\":{\"@id\":\"https:\/\/www.7-continents.com\/#logo\"}},{\"@type\":\"WebSite\",\"@id\":\"https:\/\/www.7-continents.com\/#website\",\"url\":\"https:\/\/www.7-continents.com\/\",\"name\":\"7 CONTINENTS\",\"description\":\"run for voices\",\"publisher\":{\"@id\":\"https:\/\/www.7-continents.com\/#organization\"},\"potentialAction\":[{\"@type\":\"SearchAction\",\"target\":{\"@type\":\"EntryPoint\",\"urlTemplate\":\"https:\/\/www.7-continents.com\/?s={search_term_string}\"},\"query-input\":\"required name=search_term_string\"}],\"inLanguage\":\"de\"},{\"@type\":\"WebPage\",\"@id\":\"https:\/\/www.7-continents.com\/de\/norman-buecher\/#webpage\",\"url\":\"https:\/\/www.7-continents.com\/de\/norman-buecher\/\",\"name\":\"Norman B\\u00fccher \\u2022 Der kreative Kopf hinter 7 CONTINENTS\",\"isPartOf\":{\"@id\":\"https:\/\/www.7-continents.com\/#website\"},\"datePublished\":\"2018-03-24T11:56:19+00:00\",\"dateModified\":\"2019-06-06T18:38:21+00:00\",\"description\":\"Norman B\\u00fccher l\\u00e4uft f\\u00fcr 7 CONTINENTS um die Welt, um den Jugendlichen eine Stimme zu geben. 7 Kontinente, 70 L\\u00e4nder, 700 Vortr\\u00e4ge, 1 Ziel.\",\"breadcrumb\":{\"@id\":\"https:\/\/www.7-continents.com\/de\/norman-buecher\/#breadcrumb\"},\"inLanguage\":\"de\",\"potentialAction\":[{\"@type\":\"ReadAction\",\"target\":[\"https:\/\/www.7-continents.com\/de\/norman-buecher\/\"]}]},{\"@type\":\"BreadcrumbList\",\"@id\":\"https:\/\/www.7-continents.com\/de\/norman-buecher\/#breadcrumb\",\"itemListElement\":[{\"@type\":\"ListItem\",\"position\":1,\"name\":\"Startseite\",\"item\":\"https:\/\/www.7-continents.com\/de\/\"},{\"@type\":\"ListItem\",\"position\":2,\"name\":\"Norman B\\u00fccher\"}]}]}<\/script>\n<!-- \/ Yoast SEO plugin. -->","yoast_head_json":{"title":"Norman B\u00fccher \u2022 Der kreative Kopf hinter 7 CONTINENTS","description":"Norman B\u00fccher l\u00e4uft f\u00fcr 7 CONTINENTS um die Welt, um den Jugendlichen eine Stimme zu geben. 7 Kontinente, 70 L\u00e4nder, 700 Vortr\u00e4ge, 1 Ziel.","robots":{"index":"index","follow":"follow","max-snippet":"max-snippet:-1","max-image-preview":"max-image-preview:large","max-video-preview":"max-video-preview:-1"},"canonical":"https:\/\/www.7-continents.com\/de\/norman-buecher\/","og_locale":"de_DE","og_type":"article","og_title":"Norman B\u00fccher \u2022 Der kreative Kopf hinter 7 CONTINENTS","og_description":"Norman B\u00fccher l\u00e4uft f\u00fcr 7 CONTINENTS um die Welt, um den Jugendlichen eine Stimme zu geben. 7 Kontinente, 70 L\u00e4nder, 700 Vortr\u00e4ge, 1 Ziel.","og_url":"https:\/\/www.7-continents.com\/de\/norman-buecher\/","og_site_name":"7 CONTINENTS","article_publisher":"https:\/\/www.facebook.com\/7Continents.dialog\/","article_modified_time":"2019-06-06T18:38:21+00:00","twitter_card":"summary_large_image","twitter_site":"@7continents_","twitter_misc":{"Gesch\u00e4tzte Lesezeit":"7\u00a0Minuten"},"schema":{"@context":"https:\/\/schema.org","@graph":[{"@type":"Organization","@id":"https:\/\/www.7-continents.com\/#organization","name":"7 CONTINENTS","url":"https:\/\/www.7-continents.com\/","sameAs":["https:\/\/www.facebook.com\/7Continents.dialog\/","https:\/\/www.instagram.com\/7.continents_\/","https:\/\/www.youtube.com\/channel\/UCp2hJpdtq40fvvFkyWZw7oA","https:\/\/twitter.com\/7continents_"],"logo":{"@type":"ImageObject","@id":"https:\/\/www.7-continents.com\/#logo","inLanguage":"de","url":"https:\/\/www.7-continents.com\/wp-content\/uploads\/2019\/06\/7C-Logo.png","contentUrl":"https:\/\/www.7-continents.com\/wp-content\/uploads\/2019\/06\/7C-Logo.png","width":353,"height":338,"caption":"7 CONTINENTS"},"image":{"@id":"https:\/\/www.7-continents.com\/#logo"}},{"@type":"WebSite","@id":"https:\/\/www.7-continents.com\/#website","url":"https:\/\/www.7-continents.com\/","name":"7 CONTINENTS","description":"run for voices","publisher":{"@id":"https:\/\/www.7-continents.com\/#organization"},"potentialAction":[{"@type":"SearchAction","target":{"@type":"EntryPoint","urlTemplate":"https:\/\/www.7-continents.com\/?s={search_term_string}"},"query-input":"required name=search_term_string"}],"inLanguage":"de"},{"@type":"WebPage","@id":"https:\/\/www.7-continents.com\/de\/norman-buecher\/#webpage","url":"https:\/\/www.7-continents.com\/de\/norman-buecher\/","name":"Norman B\u00fccher \u2022 Der kreative Kopf hinter 7 CONTINENTS","isPartOf":{"@id":"https:\/\/www.7-continents.com\/#website"},"datePublished":"2018-03-24T11:56:19+00:00","dateModified":"2019-06-06T18:38:21+00:00","description":"Norman B\u00fccher l\u00e4uft f\u00fcr 7 CONTINENTS um die Welt, um den Jugendlichen eine Stimme zu geben. 7 Kontinente, 70 L\u00e4nder, 700 Vortr\u00e4ge, 1 Ziel.","breadcrumb":{"@id":"https:\/\/www.7-continents.com\/de\/norman-buecher\/#breadcrumb"},"inLanguage":"de","potentialAction":[{"@type":"ReadAction","target":["https:\/\/www.7-continents.com\/de\/norman-buecher\/"]}]},{"@type":"BreadcrumbList","@id":"https:\/\/www.7-continents.com\/de\/norman-buecher\/#breadcrumb","itemListElement":[{"@type":"ListItem","position":1,"name":"Startseite","item":"https:\/\/www.7-continents.com\/de\/"},{"@type":"ListItem","position":2,"name":"Norman B\u00fccher"}]}]}},"_links":{"self":[{"href":"https:\/\/www.7-continents.com\/de\/wp-json\/wp\/v2\/pages\/1396"}],"collection":[{"href":"https:\/\/www.7-continents.com\/de\/wp-json\/wp\/v2\/pages"}],"about":[{"href":"https:\/\/www.7-continents.com\/de\/wp-json\/wp\/v2\/types\/page"}],"author":[{"embeddable":true,"href":"https:\/\/www.7-continents.com\/de\/wp-json\/wp\/v2\/users\/2"}],"replies":[{"embeddable":true,"href":"https:\/\/www.7-continents.com\/de\/wp-json\/wp\/v2\/comments?post=1396"}],"version-history":[{"count":29,"href":"https:\/\/www.7-continents.com\/de\/wp-json\/wp\/v2\/pages\/1396\/revisions"}],"predecessor-version":[{"id":3208,"href":"https:\/\/www.7-continents.com\/de\/wp-json\/wp\/v2\/pages\/1396\/revisions\/3208"}],"wp:attachment":[{"href":"https:\/\/www.7-continents.com\/de\/wp-json\/wp\/v2\/media?parent=1396"}],"curies":[{"name":"wp","href":"https:\/\/api.w.org\/{rel}","templated":true}]}}