{"id":146,"date":"2018-03-17T22:48:45","date_gmt":"2018-03-17T21:48:45","guid":{"rendered":"https:\/\/www.7-continents.com\/?page_id=146"},"modified":"2020-04-11T16:44:27","modified_gmt":"2020-04-11T14:44:27","slug":"impressum","status":"publish","type":"page","link":"https:\/\/www.7-continents.com\/de\/impressum\/","title":{"rendered":"Impressum"},"content":{"rendered":"<p><div class=\"fusion-fullwidth fullwidth-box fusion-builder-row-1 nonhundred-percent-fullwidth non-hundred-percent-height-scrolling\" style=\"background-color: rgba(255,255,255,0);background-position: center center;background-repeat: no-repeat;padding-top:0px;padding-right:10%;padding-bottom:0px;padding-left:10%;margin-bottom: 0px;margin-top: 0px;border-width: 0px 0px 0px 0px;border-color:#eae9e9;border-style:solid;\" ><div class=\"fusion-builder-row fusion-row\"><div class=\"fusion-layout-column fusion_builder_column fusion-builder-column-0 fusion_builder_column_1_1 1_1 fusion-one-full fusion-column-first fusion-column-last\" style=\"margin-top:0px;margin-bottom:0px;\"><div class=\"fusion-column-wrapper fusion-flex-column-wrapper-legacy\" style=\"background-position:left top;background-repeat:no-repeat;-webkit-background-size:cover;-moz-background-size:cover;-o-background-size:cover;background-size:cover;padding: 0px 0px 0px 0px;\"><style type=\"text\/css\"><\/style><div class=\"fusion-title title fusion-title-1 fusion-sep-none fusion-title-center fusion-title-text fusion-title-size-one\" style=\"margin-top:0px;margin-right:0px;margin-bottom:30px;margin-left:0px;\"><h1 class=\"title-heading-center fusion-responsive-typography-calculated\" style=\"margin:0;--fontSize:48;line-height:1.79;\"><p style=\"text-align: center;\">Impressum \/ Disclaimer<\/p><\/h1><\/div><div class=\"fusion-clearfix\"><\/div><\/div><\/div><div class=\"fusion-layout-column fusion_builder_column fusion-builder-column-1 fusion_builder_column_1_2 1_2 fusion-one-half fusion-column-first\" style=\"width:50%;width:calc(50% - ( ( 4% ) * 0.5 ) );margin-right: 4%;margin-top:0px;margin-bottom:0px;\"><div class=\"fusion-column-wrapper fusion-flex-column-wrapper-legacy\" style=\"background-position:left top;background-repeat:no-repeat;-webkit-background-size:cover;-moz-background-size:cover;-o-background-size:cover;background-size:cover;padding: 0px 0px 0px 0px;\"><div class=\"fusion-text fusion-text-1\"><h3>Angaben gem\u00e4\u00df \u00a7 5 TMG:<\/h3>\n<p>Norman B\u00fccher<br \/>\nExtreml\u00e4ufer und Vortragsredner<br \/>\nIm Beckener 7<br \/>\n76337 Waldbronn<\/p>\n<\/div><div class=\"fusion-clearfix\"><\/div><\/div><\/div><div class=\"fusion-layout-column fusion_builder_column fusion-builder-column-2 fusion_builder_column_1_2 1_2 fusion-one-half fusion-column-last\" style=\"width:50%;width:calc(50% - ( ( 4% ) * 0.5 ) );margin-top:0px;margin-bottom:0px;\"><div class=\"fusion-column-wrapper fusion-flex-column-wrapper-legacy\" style=\"background-position:left top;background-repeat:no-repeat;-webkit-background-size:cover;-moz-background-size:cover;-o-background-size:cover;background-size:cover;padding: 0px 0px 0px 0px;\"><div class=\"fusion-text fusion-text-2\"><h3>Kontakt:<\/h3>\n<p>Telefon: +49 (0)7243 3430260<br \/>\nE-Mail: <a href=\"mailto:info@7-continents.com\">info@7-continents.com<\/a><\/p>\n<\/div><div class=\"fusion-clearfix\"><\/div><\/div><\/div><div class=\"fusion-layout-column fusion_builder_column fusion-builder-column-3 fusion_builder_column_1_2 1_2 fusion-one-half fusion-column-first\" style=\"width:50%;width:calc(50% - ( ( 4% ) * 0.5 ) );margin-right: 4%;margin-top:0px;margin-bottom:0px;\"><div class=\"fusion-column-wrapper fusion-flex-column-wrapper-legacy\" style=\"background-position:left top;background-repeat:no-repeat;-webkit-background-size:cover;-moz-background-size:cover;-o-background-size:cover;background-size:cover;padding: 0px 0px 0px 0px;\"><div class=\"fusion-text fusion-text-3\"><h3>Verantwortlich f\u00fcr den Inhalt nach \u00a7 55 Abs. 2 RStV:<\/h3>\n<p>Norman B\u00fccher<br \/>\nIm Beckener 7<br \/>\n76337 Waldbronn<\/p>\n<\/div><div class=\"fusion-clearfix\"><\/div><\/div><\/div><div class=\"fusion-layout-column fusion_builder_column fusion-builder-column-4 fusion_builder_column_1_2 1_2 fusion-one-half fusion-column-last\" style=\"width:50%;width:calc(50% - ( ( 4% ) * 0.5 ) );margin-top:0px;margin-bottom:0px;\"><div class=\"fusion-column-wrapper fusion-flex-column-wrapper-legacy\" style=\"background-position:left top;background-repeat:no-repeat;-webkit-background-size:cover;-moz-background-size:cover;-o-background-size:cover;background-size:cover;padding: 0px 0px 0px 0px;\"><div class=\"fusion-text fusion-text-4\"><h3>Umsatzsteuer-ID:<\/h3>\n<p>Umsatzsteuer-Identifikationsnummer gem\u00e4\u00df \u00a7 27 a Umsatzsteuergesetz: DE260476515<\/p>\n<\/div><div class=\"fusion-clearfix\"><\/div><\/div><\/div><div class=\"fusion-layout-column fusion_builder_column fusion-builder-column-5 fusion_builder_column_1_2 1_2 fusion-one-half fusion-column-first\" style=\"width:50%;width:calc(50% - ( ( 4% ) * 0.5 ) );margin-right: 4%;margin-top:0px;margin-bottom:0px;\"><div class=\"fusion-column-wrapper fusion-flex-column-wrapper-legacy\" style=\"background-position:left top;background-repeat:no-repeat;-webkit-background-size:cover;-moz-background-size:cover;-o-background-size:cover;background-size:cover;padding: 0px 0px 0px 0px;\"><div class=\"fusion-text fusion-text-5\"><h3>Webdesign:<\/h3>\n<p>kangaroo.media \u2013 Marsela und Daniel Schroth<br \/>\n<a href=\"https:\/\/www.kangaroo.media\" target=\"_blank\" rel=\"noopener noreferrer\">www.kangaroo.media<\/a><\/p>\n<\/div><div class=\"fusion-clearfix\"><\/div><\/div><\/div><div class=\"fusion-layout-column fusion_builder_column fusion-builder-column-6 fusion_builder_column_1_2 1_2 fusion-one-half fusion-column-last\" style=\"width:50%;width:calc(50% - ( ( 4% ) * 0.5 ) );margin-top:0px;margin-bottom:0px;\"><div class=\"fusion-column-wrapper fusion-flex-column-wrapper-legacy\" style=\"background-position:left top;background-repeat:no-repeat;-webkit-background-size:cover;-moz-background-size:cover;-o-background-size:cover;background-size:cover;padding: 0px 0px 0px 0px;\"><div class=\"fusion-text fusion-text-6\"><h3>Quellenangaben f\u00fcr die verwendeten Bilder und Grafiken:<\/h3>\n<p>Portraitbilder der Jugendlichen: <a href=\"https:\/\/www.pexels.com\/de-de\/\" target=\"_blank\" rel=\"noopener noreferrer\">Pexels<\/a><br \/>\nSonstige Bilder: <a href=\"https:\/\/pixabay.com\" target=\"_blank\" rel=\"noopener noreferrer\" class=\"broken_link\">Pixabay<\/a> \u2022\u00a0<a href=\"https:\/\/unsplash.com\" target=\"_blank\" rel=\"noopener noreferrer\">Unsplash<\/a> \u2022\u00a0<a href=\"https:\/\/frumoltblog.com\/\" target=\"_blank\" rel=\"noopener noreferrer\">Christian Frumolt<\/a><\/p>\n<\/div><div class=\"fusion-clearfix\"><\/div><\/div><\/div><div class=\"fusion-layout-column fusion_builder_column fusion-builder-column-7 fusion_builder_column_1_1 1_1 fusion-one-full fusion-column-first fusion-column-last\" style=\"margin-top:0px;margin-bottom:0px;\"><div class=\"fusion-column-wrapper fusion-flex-column-wrapper-legacy\" style=\"background-position:left top;background-repeat:no-repeat;-webkit-background-size:cover;-moz-background-size:cover;-o-background-size:cover;background-size:cover;padding: 0px 0px 0px 0px;\"><div class=\"fusion-text fusion-text-7\"><h3>Streitschlichtung:<\/h3>\n<p>Wir sind nicht bereit oder verpflichtet, an Streitbeilegungsverfahren vor einer Verbraucherschlichtungsstelle teilzunehmen.<\/p>\n<\/div><div class=\"fusion-clearfix\"><\/div><\/div><\/div><\/div><\/div><div class=\"fusion-fullwidth fullwidth-box fusion-builder-row-2 nonhundred-percent-fullwidth non-hundred-percent-height-scrolling\" style=\"background-color: rgba(255,255,255,0);background-position: center center;background-repeat: no-repeat;padding-top:0px;padding-right:10%;padding-bottom:0px;padding-left:10%;margin-bottom: 0px;margin-top: 0px;border-width: 0px 0px 0px 0px;border-color:#eae9e9;border-style:solid;\" ><div class=\"fusion-builder-row fusion-row\"><div class=\"fusion-layout-column fusion_builder_column fusion-builder-column-8 fusion_builder_column_1_1 1_1 fusion-one-full fusion-column-first fusion-column-last\" style=\"margin-top:0px;margin-bottom:0px;\"><div class=\"fusion-column-wrapper fusion-flex-column-wrapper-legacy\" style=\"background-position:left top;background-repeat:no-repeat;-webkit-background-size:cover;-moz-background-size:cover;-o-background-size:cover;background-size:cover;padding: 0px 0px 0px 0px;\"><div class=\"fusion-text fusion-text-8\"><h3>Haftung f\u00fcr Inhalte<\/h3>\n<p>Als Diensteanbieter sind wir gem\u00e4\u00df \u00a7 7 Abs.1 TMG f\u00fcr eigene Inhalte auf diesen Seiten nach den allgemeinen Gesetzen verantwortlich. Nach \u00a7\u00a7 8 bis 10 TMG sind wir als Diensteanbieter jedoch nicht verpflichtet, \u00fcbermittelte oder gespeicherte fremde Informationen zu \u00fcberwachen oder nach Umst\u00e4nden zu forschen, die auf eine rechtswidrige T\u00e4tigkeit hinweisen.<br \/>\nVerpflichtungen zur Entfernung oder Sperrung der Nutzung von Informationen nach den allgemeinen Gesetzen bleiben hiervon unber\u00fchrt. Eine diesbez\u00fcgliche Haftung ist jedoch erst ab dem Zeitpunkt der Kenntnis einer konkreten Rechtsverletzung m\u00f6glich. Bei Bekanntwerden von entsprechenden Rechtsverletzungen werden wir diese Inhalte umgehend entfernen.<\/p>\n<h3>Haftung f\u00fcr Links<\/h3>\n<p>Unser Angebot enth\u00e4lt Links zu externen Websites Dritter, auf deren Inhalte wir keinen Einfluss haben. Deshalb k\u00f6nnen wir f\u00fcr diese fremden Inhalte auch keine Gew\u00e4hr \u00fcbernehmen. F\u00fcr die Inhalte der verlinkten Seiten ist stets der jeweilige Anbieter oder Betreiber der Seiten verantwortlich. Die verlinkten Seiten wurden zum Zeitpunkt der Verlinkung auf m\u00f6gliche Rechtsverst\u00f6\u00dfe \u00fcberpr\u00fcft. Rechtswidrige Inhalte waren zum Zeitpunkt der Verlinkung nicht erkennbar.<br \/>\nEine permanente inhaltliche Kontrolle der verlinkten Seiten ist jedoch ohne konkrete Anhaltspunkte einer Rechtsverletzung nicht zumutbar. Bei Bekanntwerden von Rechtsverletzungen werden wir derartige Links umgehend entfernen.<\/p>\n<h3>Urheberrecht<\/h3>\n<p>Die durch die Seitenbetreiber erstellten Inhalte und Werke auf diesen Seiten unterliegen dem deutschen Urheberrecht. Die Vervielf\u00e4ltigung, Bearbeitung, Verbreitung und jede Art der Verwertung au\u00dferhalb der Grenzen des Urheberrechtes bed\u00fcrfen der schriftlichen Zustimmung des jeweiligen Autors bzw. Erstellers. Downloads und Kopien dieser Seite sind nur f\u00fcr den privaten, nicht kommerziellen Gebrauch gestattet.<br \/>\nSoweit die Inhalte auf dieser Seite nicht vom Betreiber erstellt wurden, werden die Urheberrechte Dritter beachtet. Insbesondere werden Inhalte Dritter als solche gekennzeichnet. Sollten Sie trotzdem auf eine Urheberrechtsverletzung aufmerksam werden, bitten wir um einen entsprechenden Hinweis. Bei Bekanntwerden von Rechtsverletzungen werden wir derartige Inhalte umgehend entfernen.<\/p>\n<\/div><div class=\"fusion-clearfix\"><\/div><\/div><\/div><\/div><\/div><\/p>\n","protected":false},"excerpt":{"rendered":"","protected":false},"author":2,"featured_media":0,"parent":0,"menu_order":0,"comment_status":"closed","ping_status":"closed","template":"","meta":{"ngg_post_thumbnail":0},"yoast_head":"<!-- This site is optimized with the Yoast SEO plugin v17.9 - https:\/\/yoast.com\/wordpress\/plugins\/seo\/ -->\n<title>Impressum &bull; 7 CONTINENTS<\/title>\n<meta name=\"robots\" content=\"noindex, nofollow\" \/>\n<meta property=\"og:locale\" content=\"de_DE\" \/>\n<meta property=\"og:type\" content=\"article\" \/>\n<meta property=\"og:title\" content=\"Impressum &bull; 7 CONTINENTS\" \/>\n<meta property=\"og:url\" content=\"https:\/\/www.7-continents.com\/de\/impressum\/\" \/>\n<meta property=\"og:site_name\" content=\"7 CONTINENTS\" \/>\n<meta property=\"article:publisher\" content=\"https:\/\/www.facebook.com\/7Continents.dialog\/\" \/>\n<meta property=\"article:modified_time\" content=\"2020-04-11T14:44:27+00:00\" \/>\n<meta name=\"twitter:card\" content=\"summary_large_image\" \/>\n<meta name=\"twitter:site\" content=\"@7continents_\" \/>\n<meta name=\"twitter:label1\" content=\"Gesch\u00e4tzte Lesezeit\" \/>\n\t<meta name=\"twitter:data1\" content=\"7\u00a0Minuten\" \/>\n<script type=\"application\/ld+json\" class=\"yoast-schema-graph\">{\"@context\":\"https:\/\/schema.org\",\"@graph\":[{\"@type\":\"Organization\",\"@id\":\"https:\/\/www.7-continents.com\/#organization\",\"name\":\"7 CONTINENTS\",\"url\":\"https:\/\/www.7-continents.com\/\",\"sameAs\":[\"https:\/\/www.facebook.com\/7Continents.dialog\/\",\"https:\/\/www.instagram.com\/7.continents_\/\",\"https:\/\/www.youtube.com\/channel\/UCp2hJpdtq40fvvFkyWZw7oA\",\"https:\/\/twitter.com\/7continents_\"],\"logo\":{\"@type\":\"ImageObject\",\"@id\":\"https:\/\/www.7-continents.com\/#logo\",\"inLanguage\":\"de\",\"url\":\"https:\/\/www.7-continents.com\/wp-content\/uploads\/2019\/06\/7C-Logo.png\",\"contentUrl\":\"https:\/\/www.7-continents.com\/wp-content\/uploads\/2019\/06\/7C-Logo.png\",\"width\":353,\"height\":338,\"caption\":\"7 CONTINENTS\"},\"image\":{\"@id\":\"https:\/\/www.7-continents.com\/#logo\"}},{\"@type\":\"WebSite\",\"@id\":\"https:\/\/www.7-continents.com\/#website\",\"url\":\"https:\/\/www.7-continents.com\/\",\"name\":\"7 CONTINENTS\",\"description\":\"run for voices\",\"publisher\":{\"@id\":\"https:\/\/www.7-continents.com\/#organization\"},\"potentialAction\":[{\"@type\":\"SearchAction\",\"target\":{\"@type\":\"EntryPoint\",\"urlTemplate\":\"https:\/\/www.7-continents.com\/?s={search_term_string}\"},\"query-input\":\"required name=search_term_string\"}],\"inLanguage\":\"de\"},{\"@type\":\"WebPage\",\"@id\":\"https:\/\/www.7-continents.com\/de\/impressum\/#webpage\",\"url\":\"https:\/\/www.7-continents.com\/de\/impressum\/\",\"name\":\"Impressum &bull; 7 CONTINENTS\",\"isPartOf\":{\"@id\":\"https:\/\/www.7-continents.com\/#website\"},\"datePublished\":\"2018-03-17T21:48:45+00:00\",\"dateModified\":\"2020-04-11T14:44:27+00:00\",\"breadcrumb\":{\"@id\":\"https:\/\/www.7-continents.com\/de\/impressum\/#breadcrumb\"},\"inLanguage\":\"de\",\"potentialAction\":[{\"@type\":\"ReadAction\",\"target\":[\"https:\/\/www.7-continents.com\/de\/impressum\/\"]}]},{\"@type\":\"BreadcrumbList\",\"@id\":\"https:\/\/www.7-continents.com\/de\/impressum\/#breadcrumb\",\"itemListElement\":[{\"@type\":\"ListItem\",\"position\":1,\"name\":\"Startseite\",\"item\":\"https:\/\/www.7-continents.com\/de\/\"},{\"@type\":\"ListItem\",\"position\":2,\"name\":\"Impressum\"}]}]}<\/script>\n<!-- \/ Yoast SEO plugin. -->","yoast_head_json":{"title":"Impressum &bull; 7 CONTINENTS","robots":{"index":"noindex","follow":"nofollow"},"og_locale":"de_DE","og_type":"article","og_title":"Impressum &bull; 7 CONTINENTS","og_url":"https:\/\/www.7-continents.com\/de\/impressum\/","og_site_name":"7 CONTINENTS","article_publisher":"https:\/\/www.facebook.com\/7Continents.dialog\/","article_modified_time":"2020-04-11T14:44:27+00:00","twitter_card":"summary_large_image","twitter_site":"@7continents_","twitter_misc":{"Gesch\u00e4tzte Lesezeit":"7\u00a0Minuten"},"schema":{"@context":"https:\/\/schema.org","@graph":[{"@type":"Organization","@id":"https:\/\/www.7-continents.com\/#organization","name":"7 CONTINENTS","url":"https:\/\/www.7-continents.com\/","sameAs":["https:\/\/www.facebook.com\/7Continents.dialog\/","https:\/\/www.instagram.com\/7.continents_\/","https:\/\/www.youtube.com\/channel\/UCp2hJpdtq40fvvFkyWZw7oA","https:\/\/twitter.com\/7continents_"],"logo":{"@type":"ImageObject","@id":"https:\/\/www.7-continents.com\/#logo","inLanguage":"de","url":"https:\/\/www.7-continents.com\/wp-content\/uploads\/2019\/06\/7C-Logo.png","contentUrl":"https:\/\/www.7-continents.com\/wp-content\/uploads\/2019\/06\/7C-Logo.png","width":353,"height":338,"caption":"7 CONTINENTS"},"image":{"@id":"https:\/\/www.7-continents.com\/#logo"}},{"@type":"WebSite","@id":"https:\/\/www.7-continents.com\/#website","url":"https:\/\/www.7-continents.com\/","name":"7 CONTINENTS","description":"run for voices","publisher":{"@id":"https:\/\/www.7-continents.com\/#organization"},"potentialAction":[{"@type":"SearchAction","target":{"@type":"EntryPoint","urlTemplate":"https:\/\/www.7-continents.com\/?s={search_term_string}"},"query-input":"required name=search_term_string"}],"inLanguage":"de"},{"@type":"WebPage","@id":"https:\/\/www.7-continents.com\/de\/impressum\/#webpage","url":"https:\/\/www.7-continents.com\/de\/impressum\/","name":"Impressum &bull; 7 CONTINENTS","isPartOf":{"@id":"https:\/\/www.7-continents.com\/#website"},"datePublished":"2018-03-17T21:48:45+00:00","dateModified":"2020-04-11T14:44:27+00:00","breadcrumb":{"@id":"https:\/\/www.7-continents.com\/de\/impressum\/#breadcrumb"},"inLanguage":"de","potentialAction":[{"@type":"ReadAction","target":["https:\/\/www.7-continents.com\/de\/impressum\/"]}]},{"@type":"BreadcrumbList","@id":"https:\/\/www.7-continents.com\/de\/impressum\/#breadcrumb","itemListElement":[{"@type":"ListItem","position":1,"name":"Startseite","item":"https:\/\/www.7-continents.com\/de\/"},{"@type":"ListItem","position":2,"name":"Impressum"}]}]}},"_links":{"self":[{"href":"https:\/\/www.7-continents.com\/de\/wp-json\/wp\/v2\/pages\/146"}],"collection":[{"href":"https:\/\/www.7-continents.com\/de\/wp-json\/wp\/v2\/pages"}],"about":[{"href":"https:\/\/www.7-continents.com\/de\/wp-json\/wp\/v2\/types\/page"}],"author":[{"embeddable":true,"href":"https:\/\/www.7-continents.com\/de\/wp-json\/wp\/v2\/users\/2"}],"replies":[{"embeddable":true,"href":"https:\/\/www.7-continents.com\/de\/wp-json\/wp\/v2\/comments?post=146"}],"version-history":[{"count":26,"href":"https:\/\/www.7-continents.com\/de\/wp-json\/wp\/v2\/pages\/146\/revisions"}],"predecessor-version":[{"id":3430,"href":"https:\/\/www.7-continents.com\/de\/wp-json\/wp\/v2\/pages\/146\/revisions\/3430"}],"wp:attachment":[{"href":"https:\/\/www.7-continents.com\/de\/wp-json\/wp\/v2\/media?parent=146"}],"curies":[{"name":"wp","href":"https:\/\/api.w.org\/{rel}","templated":true}]}}